{"id":14,"date":"2022-10-05T01:23:23","date_gmt":"2022-10-04T23:23:23","guid":{"rendered":"https:\/\/notodigital.ch\/?page_id=14"},"modified":"2022-10-11T15:53:07","modified_gmt":"2022-10-11T13:53:07","slug":"mentions-legales","status":"publish","type":"page","link":"https:\/\/www.notostudio.ch\/fr\/mentions-legales\/","title":{"rendered":"Mentions L\u00e9gales"},"content":{"rendered":"\t\t<div data-elementor-type=\"wp-page\" data-elementor-id=\"14\" class=\"elementor elementor-14\">\n\t\t\t\t\t\t\t\t\t<section class=\"elementor-section elementor-top-section elementor-element elementor-element-078597f elementor-section-full_width elementor-section-height-default elementor-section-height-default\" data-id=\"078597f\" data-element_type=\"section\" data-settings=\"{&quot;jet_parallax_layout_list&quot;:[]}\">\n\t\t\t\t\t\t<div class=\"elementor-container elementor-column-gap-default\">\n\t\t\t\t\t<div class=\"elementor-column elementor-col-100 elementor-top-column elementor-element elementor-element-39ad4bd\" data-id=\"39ad4bd\" data-element_type=\"column\">\n\t\t\t<div class=\"elementor-widget-wrap elementor-element-populated\">\n\t\t\t\t\t\t\t\t<div class=\"elementor-element elementor-element-8b46975 elementor-widget elementor-widget-shortcode\" data-id=\"8b46975\" data-element_type=\"widget\" data-widget_type=\"shortcode.default\">\n\t\t\t\t<div class=\"elementor-widget-container\">\n\t\t\t\t\t<div class=\"elementor-shortcode\">\t\t<div data-elementor-type=\"section\" data-elementor-id=\"352\" class=\"elementor elementor-352\">\n\t\t\t\t\t\t\t\t<section class=\"elementor-section elementor-top-section elementor-element elementor-element-3c8322d elementor-section-height-min-height elementor-section-boxed elementor-section-height-default elementor-section-items-middle\" data-id=\"3c8322d\" data-element_type=\"section\" data-settings=\"{&quot;background_background&quot;:&quot;classic&quot;,&quot;jet_parallax_layout_list&quot;:[]}\">\n\t\t\t\t\t\t<div class=\"elementor-container elementor-column-gap-default\">\n\t\t\t\t\t<div class=\"elementor-column elementor-col-100 elementor-top-column elementor-element elementor-element-15a4f2f4\" data-id=\"15a4f2f4\" data-element_type=\"column\">\n\t\t\t<div class=\"elementor-widget-wrap elementor-element-populated\">\n\t\t\t\t\t\t\t\t<div class=\"elementor-element elementor-element-4e631021 elementor-widget elementor-widget-heading\" data-id=\"4e631021\" data-element_type=\"widget\" data-widget_type=\"heading.default\">\n\t\t\t\t<div class=\"elementor-widget-container\">\n\t\t\t<style>\/*! elementor - v3.10.0 - 09-01-2023 *\/\n.elementor-heading-title{padding:0;margin:0;line-height:1}.elementor-widget-heading .elementor-heading-title[class*=elementor-size-]>a{color:inherit;font-size:inherit;line-height:inherit}.elementor-widget-heading .elementor-heading-title.elementor-size-small{font-size:15px}.elementor-widget-heading .elementor-heading-title.elementor-size-medium{font-size:19px}.elementor-widget-heading .elementor-heading-title.elementor-size-large{font-size:29px}.elementor-widget-heading .elementor-heading-title.elementor-size-xl{font-size:39px}.elementor-widget-heading .elementor-heading-title.elementor-size-xxl{font-size:59px}<\/style><h1 class=\"elementor-heading-title elementor-size-default\">Mentions L\u00e9gales<\/h1>\t\t<\/div>\n\t\t\t\t<\/div>\n\t\t\t\t<div class=\"elementor-element elementor-element-2b1fc8bc elementor-align-left elementor-widget elementor-widget-breadcrumbs\" data-id=\"2b1fc8bc\" data-element_type=\"widget\" data-widget_type=\"breadcrumbs.default\">\n\t\t\t\t<div class=\"elementor-widget-container\">\n\t\t\t<link rel=\"stylesheet\" href=\"https:\/\/www.notostudio.ch\/wp-content\/plugins\/elementor-pro\/assets\/css\/widget-theme-elements.min.css\"><p id=\"breadcrumbs\"><span><span><a href=\"https:\/\/www.notostudio.ch\/fr\/\">Accueil<\/a><\/span><\/span><\/p>\t\t<\/div>\n\t\t\t\t<\/div>\n\t\t\t\t\t<\/div>\n\t\t<\/div>\n\t\t\t\t\t\t\t<\/div>\n\t\t<\/section>\n\t\t\t\t\t\t<\/div>\n\t\t<\/div>\n\t\t\t\t<\/div>\n\t\t\t\t<\/div>\n\t\t\t\t\t<\/div>\n\t\t<\/div>\n\t\t\t\t\t\t\t<\/div>\n\t\t<\/section>\n\t\t\t\t<section class=\"elementor-section elementor-top-section elementor-element elementor-element-f9b93ba elementor-section-boxed elementor-section-height-default elementor-section-height-default\" data-id=\"f9b93ba\" data-element_type=\"section\" data-settings=\"{&quot;jet_parallax_layout_list&quot;:[]}\">\n\t\t\t\t\t\t<div class=\"elementor-container elementor-column-gap-default\">\n\t\t\t\t\t<div class=\"elementor-column elementor-col-100 elementor-top-column elementor-element elementor-element-c81485e\" data-id=\"c81485e\" data-element_type=\"column\">\n\t\t\t<div class=\"elementor-widget-wrap elementor-element-populated\">\n\t\t\t\t\t\t\t\t<div class=\"elementor-element elementor-element-a7121a4 elementor-widget elementor-widget-text-editor\" data-id=\"a7121a4\" data-element_type=\"widget\" data-widget_type=\"text-editor.default\">\n\t\t\t\t<div class=\"elementor-widget-container\">\n\t\t\t<style>\/*! elementor - v3.10.0 - 09-01-2023 *\/\n.elementor-widget-text-editor.elementor-drop-cap-view-stacked .elementor-drop-cap{background-color:#818a91;color:#fff}.elementor-widget-text-editor.elementor-drop-cap-view-framed .elementor-drop-cap{color:#818a91;border:3px solid;background-color:transparent}.elementor-widget-text-editor:not(.elementor-drop-cap-view-default) .elementor-drop-cap{margin-top:8px}.elementor-widget-text-editor:not(.elementor-drop-cap-view-default) .elementor-drop-cap-letter{width:1em;height:1em}.elementor-widget-text-editor .elementor-drop-cap{float:left;text-align:center;line-height:1;font-size:50px}.elementor-widget-text-editor .elementor-drop-cap-letter{display:inline-block}<\/style>\t\t\t\t<p><strong>1.1 \u00c9diteur<\/strong><\/p><ul><li>Noto Digital<\/li><li>Forme juridique :\u00a0<\/li><li>Si\u00e8ge social :\u00a0<\/li><li>RCS :\u00a0<\/li><li>SIRET :\u00a0<\/li><li>N\u00b0 TVA intracommunautaire :\u00a0<\/li><li>Code APE :\u00a0<\/li><li>Nom commercial :\u00a0<\/li><li>Directeur de publication :\u00a0<\/li><\/ul><p><strong>1.2 H\u00e9bergement web<\/strong><\/p><ul><li>No Limit Network SARL<\/li><li>10 all\u00e9e Evariste Galois 63000, Clermont-Ferrand<\/li><li>SARL au capital de 50 000 euros<\/li><li>RCS : Clermont-Ferrand 793 496 662<\/li><li>Directeur de la publication: Nicolas BELAN<\/li><\/ul><p><strong>1.3 Propri\u00e9t\u00e9 du site www.noto-digital.com<\/strong><\/p><p>Ce site rel\u00e8ve des trait\u00e9s internationaux et de la l\u00e9gislation fran\u00e7aise sur les droits d\u2019auteur et la propri\u00e9t\u00e9 intellectuelle et est conforme aux dispositions de la loi n\u00b0 2004-575 du 21 juin 2004 pour la Confiance dans l\u2019\u00c9conomie Num\u00e9rique. La reproduction de tout ou partie de ce site est formellement interdite sauf autorisation expresse de Noto Digital.<\/p><p><strong>II. Conditions g\u00e9n\u00e9rales d\u2019utilisation<\/strong><\/p><p>La soci\u00e9t\u00e9 Noto Digital (ci-apr\u00e8s \u00ab l\u2019\u00e9diteur \u00bb) \u00e9dite un site vitrine www.noto-digital.com (ci-apr\u00e8s, le \u00ab site \u00bb). Les pr\u00e9sentes conditions g\u00e9n\u00e9rales d\u2019utilisation (ci-apr\u00e8s \u00abCGU\u00bb), soumises au droit fran\u00e7ais, ont vocation \u00e0 r\u00e9gir l\u2019utilisation du site. Le simple acc\u00e8s au site de l\u2019\u00e9diteur, \u00e0 l\u2019adresse URL suivante www.noto-digital.com, emporte de plein droit acceptation expresse et sans r\u00e9serve des CGU par l\u2019utilisateur du site.<\/p><p><strong>1. Propri\u00e9t\u00e9 intellectuelle<\/strong><\/p><p><strong>1.1 Propri\u00e9t\u00e9 litt\u00e9raire et artistique<\/strong><\/p><p>La soci\u00e9t\u00e9 Noto Digital est titulaire de tous les droits de propri\u00e9t\u00e9 intellectuelle relatifs au site. L\u2019acc\u00e8s au site ne conf\u00e8re \u00e0 l\u2019utilisateur aucun droit sur les droits de propri\u00e9t\u00e9 intellectuelle relatifs au site, qui restent la propri\u00e9t\u00e9 exclusive de Noto Digital. Sont notamment prot\u00e9g\u00e9s par les lois fran\u00e7aises et internationales relatives \u00e0 la propri\u00e9t\u00e9 intellectuelle :<\/p><ul><li>La charge graphique (logo, jeux de police, code couleurs, contenu r\u00e9dactionnel, choix et positionnement des illustrations) ;<\/li><li>L\u2019aspect navigation (ensemble des fonctionnalit\u00e9s permettant \u00e0 l\u2019utilisateur de parcourir le site) ;<\/li><li>L\u2019aspect d\u2019ensemble du site.<\/li><\/ul><p>Conform\u00e9ment \u00e0 l\u2019article L122-4 du Code de la propri\u00e9t\u00e9 intellectuelle, l\u2019exploitation non pr\u00e9alablement autoris\u00e9e par Noto Digital, \u00e0 quelque titre que ce soit, de tout ou partie du site pourra faire l\u2019objet de toute action appropri\u00e9e, notamment d\u2019une action en contrefa\u00e7on.<\/p><p><strong>2. Liens hypertextes<\/strong><\/p><p>Le site peut contenir des liens hypertextes vers d\u2019autres sites pr\u00e9sents sur le r\u00e9seau Internet. Les liens vers ces autres ressources vous font quitter le site. L\u2019\u00e9diteur d\u00e9cline toute responsabilit\u00e9 relative au contenu de ces sites tiers et ne saurait \u00eatre tenu responsable de l\u2019usage qui pourra en \u00eatre fait par les utilisateurs. Il est possible de cr\u00e9er un lien vers la page de pr\u00e9sentation du site sans autorisation expresse de l\u2019\u00e9diteur. Aucune autorisation ou demande d\u2019information pr\u00e9alable ne peut \u00eatre exig\u00e9e par l\u2019\u00e9diteur \u00e0 l\u2019\u00e9gard d\u2019un site tiers qui souhaite \u00e9tablir un lien vers le site de l\u2019\u00e9diteur. Il convient toutefois d\u2019afficher ce site dans une nouvelle fen\u00eatre du navigateur. Cependant, l\u2019\u00e9diteur se r\u00e9serve le droit de demander la suppression d\u2019un lien qu\u2019il estime non conforme \u00e0 l\u2019objet du site ou si ledit lien proc\u00e8de d\u2019une d\u00e9marche d\u00e9lib\u00e9r\u00e9e et malicieuse, entreprise en toute connaissance de cause par l\u2019exploitant du site d\u2019origine. Enfin, toute cr\u00e9ation d\u2019un lien hypertexte qualifi\u00e9 de \u00ab profond \u00bb ou le recours au \u00ab framing \u00bb ou au \u00ab inline linking \u00bb, entre autres, requiert l\u2019autorisation pr\u00e9alable expresse de l\u2019\u00e9diteur.<\/p><p><strong>3. Responsabilit\u00e9 de l\u2019\u00e9diteur<\/strong><\/p><p>Les informations et\/ou documents figurant sur ce site sont susceptibles de contenir des inexactitudes techniques et des erreurs typographiques. L\u2019\u00e9diteur se r\u00e9serve le droit de les corriger, d\u00e8s que ces erreurs sont port\u00e9es \u00e0 sa connaissance. L\u2019\u00e9diteur ne pourra en aucun cas \u00eatre tenu responsable de tout dommage de quelque nature qu\u2019il soit r\u00e9sultant de l\u2019interpr\u00e9tation ou de l\u2019utilisation des informations et\/ou documents disponibles sur ce site.<\/p><p><strong>4. Acc\u00e8s au site<\/strong><\/p><p>L\u2019\u00e9diteur s\u2019engage \u00e0 fournir les meilleurs efforts pour rendre et maintenir accessibles tous les services disponibles sur le site. \u00c0 cet \u00e9gard, l\u2019\u00e9diteur n\u2019est tenu qu\u2019\u00e0 une obligation de moyens \u00e0 l\u2019\u00e9gard de l\u2019utilisateur, notre responsabilit\u00e9 ne saura en aucun cas \u00eatre recherch\u00e9e dans les cas suivants :<\/p><ul><li>Interruptions momentan\u00e9es d\u2019une dur\u00e9e de quelques minutes pour la mise \u00e0 jour de certains fichiers.<\/li><li>Difficult\u00e9s de fonctionnement ou interruption momentan\u00e9e de ces services ind\u00e9pendamment de notre volont\u00e9, notamment en cas d\u2019interruption des services d\u2019\u00e9lectricit\u00e9 ou de t\u00e9l\u00e9communication.<\/li><li>Interruptions momentan\u00e9es des services n\u00e9cessaires \u00e0 leurs \u00e9volutions ou maintenance.<\/li><li>D\u00e9faillance ou dysfonctionnements du r\u00e9seau Internet dans la transmission de messages ou document.<\/li><\/ul><p><strong>5. Modification des CGU<\/strong><\/p><p>Les CGU du site, ici d\u00e9finies, ont \u00e9t\u00e9 mises en ligne le 6 octobre 2022. L\u2019\u00e9diteur se r\u00e9serve le droit de les modifier \u00e0 tout moment et sans pr\u00e9avis.<\/p>\t\t\t\t\t\t<\/div>\n\t\t\t\t<\/div>\n\t\t\t\t\t<\/div>\n\t\t<\/div>\n\t\t\t\t\t\t\t<\/div>\n\t\t<\/section>\n\t\t\t\t\t\t\t<\/div>\n\t\t","protected":false},"excerpt":{"rendered":"<p>1.1 \u00c9diteur Noto Digital Forme juridique :&nbsp; Si\u00e8ge social :&nbsp; RCS :&nbsp; SIRET :&nbsp; N\u00b0 TVA intracommunautaire :&nbsp; Code APE :&nbsp; Nom commercial :&nbsp; Directeur de publication :&nbsp; 1.2 H\u00e9bergement web No Limit Network SARL 10 all\u00e9e Evariste Galois 63000, Clermont-Ferrand SARL au capital de 50 000 euros RCS : Clermont-Ferrand 793 496 662 Directeur [&hellip;]<\/p>\n","protected":false},"author":1,"featured_media":0,"parent":0,"menu_order":0,"comment_status":"closed","ping_status":"closed","template":"","meta":{"footnotes":""},"class_list":["post-14","page","type-page","status-publish","hentry"],"acf":[],"yoast_head":"<!-- This site is optimized with the Yoast SEO plugin v19.13 - https:\/\/yoast.com\/wordpress\/plugins\/seo\/ -->\n<title>Mentions l\u00e9gales de l&#039;agence digitale Noto<\/title>\n<meta name=\"description\" content=\"L&#039;agence digitale cr\u00e9ative et performante Noto \u00e0 Gen\u00e8ve met \u00e0 votre disposition les informations l\u00e9gales de son agence.\" \/>\n<meta name=\"robots\" content=\"index, follow, max-snippet:-1, max-image-preview:large, max-video-preview:-1\" \/>\n<link rel=\"canonical\" href=\"https:\/\/www.notostudio.ch\/fr\/mentions-legales\/\" \/>\n<meta property=\"og:locale\" content=\"fr_FR\" \/>\n<meta property=\"og:type\" content=\"article\" \/>\n<meta property=\"og:title\" content=\"Mentions l\u00e9gales de l&#039;agence digitale Noto\" \/>\n<meta property=\"og:description\" content=\"L&#039;agence digitale cr\u00e9ative et performante Noto \u00e0 Gen\u00e8ve met \u00e0 votre disposition les informations l\u00e9gales de son agence.\" \/>\n<meta property=\"og:url\" content=\"https:\/\/www.notostudio.ch\/fr\/mentions-legales\/\" \/>\n<meta property=\"og:site_name\" content=\"Noto Studio\" \/>\n<meta property=\"article:modified_time\" content=\"2022-10-11T13:53:07+00:00\" \/>\n<meta name=\"twitter:card\" content=\"summary_large_image\" \/>\n<meta name=\"twitter:label1\" content=\"Dur\u00e9e de lecture estim\u00e9e\" \/>\n\t<meta name=\"twitter:data1\" content=\"4 minutes\" \/>\n<script type=\"application\/ld+json\" class=\"yoast-schema-graph\">{\"@context\":\"https:\/\/schema.org\",\"@graph\":[{\"@type\":\"WebPage\",\"@id\":\"https:\/\/www.notostudio.ch\/fr\/mentions-legales\/\",\"url\":\"https:\/\/www.notostudio.ch\/fr\/mentions-legales\/\",\"name\":\"Mentions l\u00e9gales de l'agence digitale Noto\",\"isPartOf\":{\"@id\":\"https:\/\/www.notostudio.ch\/fr\/#website\"},\"datePublished\":\"2022-10-04T23:23:23+00:00\",\"dateModified\":\"2022-10-11T13:53:07+00:00\",\"description\":\"L'agence digitale cr\u00e9ative et performante Noto \u00e0 Gen\u00e8ve met \u00e0 votre disposition les informations l\u00e9gales de son agence.\",\"breadcrumb\":{\"@id\":\"https:\/\/www.notostudio.ch\/fr\/mentions-legales\/#breadcrumb\"},\"inLanguage\":\"fr-FR\",\"potentialAction\":[{\"@type\":\"ReadAction\",\"target\":[\"https:\/\/www.notostudio.ch\/fr\/mentions-legales\/\"]}]},{\"@type\":\"BreadcrumbList\",\"@id\":\"https:\/\/www.notostudio.ch\/fr\/mentions-legales\/#breadcrumb\",\"itemListElement\":[{\"@type\":\"ListItem\",\"position\":1,\"name\":\"Accueil\",\"item\":\"https:\/\/www.notostudio.ch\/fr\/\"},{\"@type\":\"ListItem\",\"position\":2,\"name\":\"Mentions L\u00e9gales\"}]},{\"@type\":\"WebSite\",\"@id\":\"https:\/\/www.notostudio.ch\/fr\/#website\",\"url\":\"https:\/\/www.notostudio.ch\/fr\/\",\"name\":\"Noto Studio\",\"description\":\"\",\"publisher\":{\"@id\":\"https:\/\/www.notostudio.ch\/fr\/#organization\"},\"potentialAction\":[{\"@type\":\"SearchAction\",\"target\":{\"@type\":\"EntryPoint\",\"urlTemplate\":\"https:\/\/www.notostudio.ch\/fr\/?s={search_term_string}\"},\"query-input\":\"required name=search_term_string\"}],\"inLanguage\":\"fr-FR\"},{\"@type\":\"Organization\",\"@id\":\"https:\/\/www.notostudio.ch\/fr\/#organization\",\"name\":\"Noto Digital\",\"url\":\"https:\/\/www.notostudio.ch\/fr\/\",\"logo\":{\"@type\":\"ImageObject\",\"inLanguage\":\"fr-FR\",\"@id\":\"https:\/\/www.notostudio.ch\/fr\/#\/schema\/logo\/image\/\",\"url\":\"https:\/\/www.notostudio.ch\/wp-content\/uploads\/2022\/10\/Logo-Noto_Header-1.svg\",\"contentUrl\":\"https:\/\/www.notostudio.ch\/wp-content\/uploads\/2022\/10\/Logo-Noto_Header-1.svg\",\"width\":334.9,\"height\":303.3,\"caption\":\"Noto Digital\"},\"image\":{\"@id\":\"https:\/\/www.notostudio.ch\/fr\/#\/schema\/logo\/image\/\"}}]}<\/script>\n<!-- \/ Yoast SEO plugin. -->","yoast_head_json":{"title":"Mentions l\u00e9gales de l'agence digitale Noto","description":"L'agence digitale cr\u00e9ative et performante Noto \u00e0 Gen\u00e8ve met \u00e0 votre disposition les informations l\u00e9gales de son agence.","robots":{"index":"index","follow":"follow","max-snippet":"max-snippet:-1","max-image-preview":"max-image-preview:large","max-video-preview":"max-video-preview:-1"},"canonical":"https:\/\/www.notostudio.ch\/fr\/mentions-legales\/","og_locale":"fr_FR","og_type":"article","og_title":"Mentions l\u00e9gales de l'agence digitale Noto","og_description":"L'agence digitale cr\u00e9ative et performante Noto \u00e0 Gen\u00e8ve met \u00e0 votre disposition les informations l\u00e9gales de son agence.","og_url":"https:\/\/www.notostudio.ch\/fr\/mentions-legales\/","og_site_name":"Noto Studio","article_modified_time":"2022-10-11T13:53:07+00:00","twitter_card":"summary_large_image","twitter_misc":{"Dur\u00e9e de lecture estim\u00e9e":"4 minutes"},"schema":{"@context":"https:\/\/schema.org","@graph":[{"@type":"WebPage","@id":"https:\/\/www.notostudio.ch\/fr\/mentions-legales\/","url":"https:\/\/www.notostudio.ch\/fr\/mentions-legales\/","name":"Mentions l\u00e9gales de l'agence digitale Noto","isPartOf":{"@id":"https:\/\/www.notostudio.ch\/fr\/#website"},"datePublished":"2022-10-04T23:23:23+00:00","dateModified":"2022-10-11T13:53:07+00:00","description":"L'agence digitale cr\u00e9ative et performante Noto \u00e0 Gen\u00e8ve met \u00e0 votre disposition les informations l\u00e9gales de son agence.","breadcrumb":{"@id":"https:\/\/www.notostudio.ch\/fr\/mentions-legales\/#breadcrumb"},"inLanguage":"fr-FR","potentialAction":[{"@type":"ReadAction","target":["https:\/\/www.notostudio.ch\/fr\/mentions-legales\/"]}]},{"@type":"BreadcrumbList","@id":"https:\/\/www.notostudio.ch\/fr\/mentions-legales\/#breadcrumb","itemListElement":[{"@type":"ListItem","position":1,"name":"Accueil","item":"https:\/\/www.notostudio.ch\/fr\/"},{"@type":"ListItem","position":2,"name":"Mentions L\u00e9gales"}]},{"@type":"WebSite","@id":"https:\/\/www.notostudio.ch\/fr\/#website","url":"https:\/\/www.notostudio.ch\/fr\/","name":"Noto Studio","description":"","publisher":{"@id":"https:\/\/www.notostudio.ch\/fr\/#organization"},"potentialAction":[{"@type":"SearchAction","target":{"@type":"EntryPoint","urlTemplate":"https:\/\/www.notostudio.ch\/fr\/?s={search_term_string}"},"query-input":"required name=search_term_string"}],"inLanguage":"fr-FR"},{"@type":"Organization","@id":"https:\/\/www.notostudio.ch\/fr\/#organization","name":"Noto Digital","url":"https:\/\/www.notostudio.ch\/fr\/","logo":{"@type":"ImageObject","inLanguage":"fr-FR","@id":"https:\/\/www.notostudio.ch\/fr\/#\/schema\/logo\/image\/","url":"https:\/\/www.notostudio.ch\/wp-content\/uploads\/2022\/10\/Logo-Noto_Header-1.svg","contentUrl":"https:\/\/www.notostudio.ch\/wp-content\/uploads\/2022\/10\/Logo-Noto_Header-1.svg","width":334.9,"height":303.3,"caption":"Noto Digital"},"image":{"@id":"https:\/\/www.notostudio.ch\/fr\/#\/schema\/logo\/image\/"}}]}},"_links":{"self":[{"href":"https:\/\/www.notostudio.ch\/fr\/wp-json\/wp\/v2\/pages\/14","targetHints":{"allow":["GET"]}}],"collection":[{"href":"https:\/\/www.notostudio.ch\/fr\/wp-json\/wp\/v2\/pages"}],"about":[{"href":"https:\/\/www.notostudio.ch\/fr\/wp-json\/wp\/v2\/types\/page"}],"author":[{"embeddable":true,"href":"https:\/\/www.notostudio.ch\/fr\/wp-json\/wp\/v2\/users\/1"}],"replies":[{"embeddable":true,"href":"https:\/\/www.notostudio.ch\/fr\/wp-json\/wp\/v2\/comments?post=14"}],"version-history":[{"count":35,"href":"https:\/\/www.notostudio.ch\/fr\/wp-json\/wp\/v2\/pages\/14\/revisions"}],"predecessor-version":[{"id":698,"href":"https:\/\/www.notostudio.ch\/fr\/wp-json\/wp\/v2\/pages\/14\/revisions\/698"}],"wp:attachment":[{"href":"https:\/\/www.notostudio.ch\/fr\/wp-json\/wp\/v2\/media?parent=14"}],"curies":[{"name":"wp","href":"https:\/\/api.w.org\/{rel}","templated":true}]}}